{"id":2462,"date":"2026-03-29T22:47:10","date_gmt":"2026-03-29T19:47:10","guid":{"rendered":"https:\/\/hoteaceramic.ro\/?post_type=product&#038;p=2462"},"modified":"2026-03-29T22:47:19","modified_gmt":"2026-03-29T19:47:19","slug":"memory-pearl","status":"publish","type":"product","link":"https:\/\/hoteaceramic.ro\/index.php\/produs\/memory-pearl\/","title":{"rendered":"Memory Pearl"},"content":{"rendered":"<p>Gresia tip piatr\u0103 este o gresie por\u021belanat\u0103 ce imit\u0103 aspectul \u0219i textura diverselor tipuri de piatr\u0103 natural\u0103, precum ardezia, cuar\u021bitul, bazaltul sau granitul. Este o solu\u021bie durabil\u0103 \u0219i versatil\u0103, potrivit\u0103 at\u00e2t pentru spa\u021biile interioare, c\u00e2t \u0219i pentru cele exterioare.<\/p>\n<p>Dimensiune: 60&#215;120<\/p>\n<p>Grosime: 9,5mm<\/p>\n<p>Greutate: 30 kg<\/p>\n<p>M<sup>2<\/sup> pe cutie: 1,44<\/p>\n<p>Pl\u0103ci pe cutie: 2<\/p>\n<p>Material: Por\u021belanat\u0103<\/p>\n<p>Rectificat: Da<\/p>\n<p>Utilizare: Interior\/Exterior<\/p>\n<p>Destina\u021bie: Pardoseli \/ Pere\u021bi<\/p>\n<p>Aspect: Natural<\/p>\n<p>Rezistent\u0103 la \u00eenghe\u021b: Da<\/p>\n<p>Incalzire in pardoseal\u0103: Da<\/p>\n<p>Verificare marf\u0103: Da<\/p>\n<p>Men\u021bion\u0103m c\u0103, \u00een anumite cazuri, cutiile pot prezenta semne de uzur\u0103 sau pot fi rupte, fiind cauzate de manipulare anterioar\u0103 sau de proces de ambalare.<\/p>\n","protected":false},"excerpt":{"rendered":"<p>Dimensiune: 60&#215;120<\/p>\n<p>Grosime: 9,5mm<\/p>\n<p>Greutate: 30 kg<\/p>\n<p>Pl\u0103ci pe cutie: 2<\/p>\n<p>Material: Por\u021belanat\u0103<\/p>\n<p>Rectificat: Da<\/p>\n<p>Utilizare: Interior\/Exterior<\/p>\n<p>Destina\u021bie: Pardoseli \/ Pere\u021bi<\/p>\n<p>Aspect: Natural<\/p>\n<p>Rezistent\u0103 la \u00eenghe\u021b: Da<\/p>\n<p>Incalzire in pardoseal\u0103: Da<\/p>\n<p>Verificare marf\u0103: Da<\/p>\n","protected":false},"featured_media":2463,"comment_status":"open","ping_status":"closed","template":"","meta":{"_acf_changed":false,"site-sidebar-layout":"default","site-content-layout":"","ast-site-content-layout":"default","site-content-style":"default","site-sidebar-style":"default","ast-global-header-display":"","ast-banner-title-visibility":"","ast-main-header-display":"","ast-hfb-above-header-display":"","ast-hfb-below-header-display":"","ast-hfb-mobile-header-display":"","site-post-title":"","ast-breadcrumbs-content":"","ast-featured-img":"","footer-sml-layout":"","ast-disable-related-posts":"","theme-transparent-header-meta":"default","adv-header-id-meta":"","stick-header-meta":"","header-above-stick-meta":"","header-main-stick-meta":"","header-below-stick-meta":"","astra-migrate-meta-layouts":"set","ast-page-background-enabled":"default","ast-page-background-meta":{"desktop":{"background-color":"var(--ast-global-color-5)","background-image":"","background-repeat":"repeat","background-position":"center center","background-size":"auto","background-attachment":"scroll","background-type":"","background-media":"","overlay-type":"","overlay-color":"","overlay-opacity":"","overlay-gradient":""},"tablet":{"background-color":"","background-image":"","background-repeat":"repeat","background-position":"center center","background-size":"auto","background-attachment":"scroll","background-type":"","background-media":"","overlay-type":"","overlay-color":"","overlay-opacity":"","overlay-gradient":""},"mobile":{"background-color":"","background-image":"","background-repeat":"repeat","background-position":"center center","background-size":"auto","background-attachment":"scroll","background-type":"","background-media":"","overlay-type":"","overlay-color":"","overlay-opacity":"","overlay-gradient":""}},"ast-content-background-meta":{"desktop":{"background-color":"var(--ast-global-color-4)","background-image":"","background-repeat":"repeat","background-position":"center center","background-size":"auto","background-attachment":"scroll","background-type":"","background-media":"","overlay-type":"","overlay-color":"","overlay-opacity":"","overlay-gradient":""},"tablet":{"background-color":"var(--ast-global-color-4)","background-image":"","background-repeat":"repeat","background-position":"center center","background-size":"auto","background-attachment":"scroll","background-type":"","background-media":"","overlay-type":"","overlay-color":"","overlay-opacity":"","overlay-gradient":""},"mobile":{"background-color":"var(--ast-global-color-4)","background-image":"","background-repeat":"repeat","background-position":"center center","background-size":"auto","background-attachment":"scroll","background-type":"","background-media":"","overlay-type":"","overlay-color":"","overlay-opacity":"","overlay-gradient":""}}},"product_brand":[],"product_cat":[59],"product_tag":[],"class_list":{"0":"post-2462","1":"product","2":"type-product","3":"status-publish","4":"has-post-thumbnail","6":"product_cat-gresie-pe-comanda","7":"desktop-align-left","8":"tablet-align-left","9":"mobile-align-left","11":"first","12":"onbackorder","13":"shipping-taxable","14":"purchasable","15":"product-type-simple"},"acf":[],"yoast_head":"<!-- This site is optimized with the Yoast SEO plugin v27.2 - https:\/\/yoast.com\/product\/yoast-seo-wordpress\/ -->\n<title>Memory Pearl - Hotea Ceramic - Outlet de gresie import Italia in judetul Maramures<\/title>\n<meta name=\"robots\" content=\"index, follow, max-snippet:-1, max-image-preview:large, max-video-preview:-1\" \/>\n<link rel=\"canonical\" href=\"https:\/\/hoteaceramic.ro\/index.php\/produs\/memory-pearl\/\" \/>\n<meta property=\"og:locale\" content=\"ro_RO\" \/>\n<meta property=\"og:type\" content=\"article\" \/>\n<meta property=\"og:title\" content=\"Memory Pearl - Hotea Ceramic - Outlet de gresie import Italia in judetul Maramures\" \/>\n<meta property=\"og:description\" content=\"Dimensiune: 60x120  Grosime: 9,5mm  Greutate: 30 kg  Pl\u0103ci pe cutie: 2  Material: Por\u021belanat\u0103  Rectificat: Da  Utilizare: Interior\/Exterior  Destina\u021bie: Pardoseli \/ Pere\u021bi  Aspect: Natural  Rezistent\u0103 la \u00eenghe\u021b: Da  Incalzire in pardoseal\u0103: Da  Verificare marf\u0103: Da\" \/>\n<meta property=\"og:url\" content=\"https:\/\/hoteaceramic.ro\/index.php\/produs\/memory-pearl\/\" \/>\n<meta property=\"og:site_name\" content=\"Hotea Ceramic - Outlet de gresie import Italia in judetul Maramures\" \/>\n<meta property=\"article:publisher\" content=\"https:\/\/www.facebook.com\/profile.php?id=61572247412058\" \/>\n<meta property=\"article:modified_time\" content=\"2026-03-29T19:47:19+00:00\" \/>\n<meta property=\"og:image\" content=\"https:\/\/hoteaceramic.ro\/wp-content\/uploads\/2026\/03\/aspect-gresie-Memory-Pearl.webp\" \/>\n\t<meta property=\"og:image:width\" content=\"1200\" \/>\n\t<meta property=\"og:image:height\" content=\"821\" \/>\n\t<meta property=\"og:image:type\" content=\"image\/webp\" \/>\n<meta name=\"twitter:card\" content=\"summary_large_image\" \/>\n<meta name=\"twitter:label1\" content=\"Timp estimat pentru citire\" \/>\n\t<meta name=\"twitter:data1\" content=\"1 minut\" \/>\n<script type=\"application\/ld+json\" class=\"yoast-schema-graph\">{\"@context\":\"https:\/\/schema.org\",\"@graph\":[{\"@type\":\"WebPage\",\"@id\":\"https:\/\/hoteaceramic.ro\/index.php\/produs\/memory-pearl\/\",\"url\":\"https:\/\/hoteaceramic.ro\/index.php\/produs\/memory-pearl\/\",\"name\":\"Memory Pearl - Hotea Ceramic - Outlet de gresie import Italia in judetul Maramures\",\"isPartOf\":{\"@id\":\"https:\/\/hoteaceramic.ro\/#website\"},\"primaryImageOfPage\":{\"@id\":\"https:\/\/hoteaceramic.ro\/index.php\/produs\/memory-pearl\/#primaryimage\"},\"image\":{\"@id\":\"https:\/\/hoteaceramic.ro\/index.php\/produs\/memory-pearl\/#primaryimage\"},\"thumbnailUrl\":\"https:\/\/hoteaceramic.ro\/wp-content\/uploads\/2026\/03\/aspect-gresie-Memory-Pearl.webp\",\"datePublished\":\"2026-03-29T19:47:10+00:00\",\"dateModified\":\"2026-03-29T19:47:19+00:00\",\"breadcrumb\":{\"@id\":\"https:\/\/hoteaceramic.ro\/index.php\/produs\/memory-pearl\/#breadcrumb\"},\"inLanguage\":\"ro-RO\",\"potentialAction\":[{\"@type\":\"ReadAction\",\"target\":[\"https:\/\/hoteaceramic.ro\/index.php\/produs\/memory-pearl\/\"]}]},{\"@type\":\"ImageObject\",\"inLanguage\":\"ro-RO\",\"@id\":\"https:\/\/hoteaceramic.ro\/index.php\/produs\/memory-pearl\/#primaryimage\",\"url\":\"https:\/\/hoteaceramic.ro\/wp-content\/uploads\/2026\/03\/aspect-gresie-Memory-Pearl.webp\",\"contentUrl\":\"https:\/\/hoteaceramic.ro\/wp-content\/uploads\/2026\/03\/aspect-gresie-Memory-Pearl.webp\",\"width\":1200,\"height\":821,\"caption\":\"aspect gresie Memory Pearl\"},{\"@type\":\"BreadcrumbList\",\"@id\":\"https:\/\/hoteaceramic.ro\/index.php\/produs\/memory-pearl\/#breadcrumb\",\"itemListElement\":[{\"@type\":\"ListItem\",\"position\":1,\"name\":\"Prima pagin\u0103\",\"item\":\"https:\/\/hoteaceramic.ro\/\"},{\"@type\":\"ListItem\",\"position\":2,\"name\":\"Magazin\",\"item\":\"https:\/\/hoteaceramic.ro\/index.php\/magazin\/\"},{\"@type\":\"ListItem\",\"position\":3,\"name\":\"Memory Pearl\"}]},{\"@type\":\"WebSite\",\"@id\":\"https:\/\/hoteaceramic.ro\/#website\",\"url\":\"https:\/\/hoteaceramic.ro\/\",\"name\":\"Hotea Ceramic - Outlet de gresie import Italia in judetul Maramures\",\"description\":\"Gresie import Italia livrata in Maramure\u0219 si toata Romania\",\"publisher\":{\"@id\":\"https:\/\/hoteaceramic.ro\/#organization\"},\"potentialAction\":[{\"@type\":\"SearchAction\",\"target\":{\"@type\":\"EntryPoint\",\"urlTemplate\":\"https:\/\/hoteaceramic.ro\/?s={search_term_string}\"},\"query-input\":{\"@type\":\"PropertyValueSpecification\",\"valueRequired\":true,\"valueName\":\"search_term_string\"}}],\"inLanguage\":\"ro-RO\"},{\"@type\":\"Organization\",\"@id\":\"https:\/\/hoteaceramic.ro\/#organization\",\"name\":\"Hotea Ceramic - Outlet de gresie import Italia in judetul Maramures\",\"url\":\"https:\/\/hoteaceramic.ro\/\",\"logo\":{\"@type\":\"ImageObject\",\"inLanguage\":\"ro-RO\",\"@id\":\"https:\/\/hoteaceramic.ro\/#\/schema\/logo\/image\/\",\"url\":\"https:\/\/hoteaceramic.ro\/wp-content\/uploads\/2025\/11\/logo-1.webp\",\"contentUrl\":\"https:\/\/hoteaceramic.ro\/wp-content\/uploads\/2025\/11\/logo-1.webp\",\"width\":375,\"height\":126,\"caption\":\"Hotea Ceramic - Outlet de gresie import Italia in judetul Maramures\"},\"image\":{\"@id\":\"https:\/\/hoteaceramic.ro\/#\/schema\/logo\/image\/\"},\"sameAs\":[\"https:\/\/www.facebook.com\/profile.php?id=61572247412058\"]}]}<\/script>\n<!-- \/ Yoast SEO plugin. -->","yoast_head_json":{"title":"Memory Pearl - Hotea Ceramic - Outlet de gresie import Italia in judetul Maramures","robots":{"index":"index","follow":"follow","max-snippet":"max-snippet:-1","max-image-preview":"max-image-preview:large","max-video-preview":"max-video-preview:-1"},"canonical":"https:\/\/hoteaceramic.ro\/index.php\/produs\/memory-pearl\/","og_locale":"ro_RO","og_type":"article","og_title":"Memory Pearl - Hotea Ceramic - Outlet de gresie import Italia in judetul Maramures","og_description":"Dimensiune: 60x120  Grosime: 9,5mm  Greutate: 30 kg  Pl\u0103ci pe cutie: 2  Material: Por\u021belanat\u0103  Rectificat: Da  Utilizare: Interior\/Exterior  Destina\u021bie: Pardoseli \/ Pere\u021bi  Aspect: Natural  Rezistent\u0103 la \u00eenghe\u021b: Da  Incalzire in pardoseal\u0103: Da  Verificare marf\u0103: Da","og_url":"https:\/\/hoteaceramic.ro\/index.php\/produs\/memory-pearl\/","og_site_name":"Hotea Ceramic - Outlet de gresie import Italia in judetul Maramures","article_publisher":"https:\/\/www.facebook.com\/profile.php?id=61572247412058","article_modified_time":"2026-03-29T19:47:19+00:00","og_image":[{"width":1200,"height":821,"url":"https:\/\/hoteaceramic.ro\/wp-content\/uploads\/2026\/03\/aspect-gresie-Memory-Pearl.webp","type":"image\/webp"}],"twitter_card":"summary_large_image","twitter_misc":{"Timp estimat pentru citire":"1 minut"},"schema":{"@context":"https:\/\/schema.org","@graph":[{"@type":"WebPage","@id":"https:\/\/hoteaceramic.ro\/index.php\/produs\/memory-pearl\/","url":"https:\/\/hoteaceramic.ro\/index.php\/produs\/memory-pearl\/","name":"Memory Pearl - Hotea Ceramic - Outlet de gresie import Italia in judetul Maramures","isPartOf":{"@id":"https:\/\/hoteaceramic.ro\/#website"},"primaryImageOfPage":{"@id":"https:\/\/hoteaceramic.ro\/index.php\/produs\/memory-pearl\/#primaryimage"},"image":{"@id":"https:\/\/hoteaceramic.ro\/index.php\/produs\/memory-pearl\/#primaryimage"},"thumbnailUrl":"https:\/\/hoteaceramic.ro\/wp-content\/uploads\/2026\/03\/aspect-gresie-Memory-Pearl.webp","datePublished":"2026-03-29T19:47:10+00:00","dateModified":"2026-03-29T19:47:19+00:00","breadcrumb":{"@id":"https:\/\/hoteaceramic.ro\/index.php\/produs\/memory-pearl\/#breadcrumb"},"inLanguage":"ro-RO","potentialAction":[{"@type":"ReadAction","target":["https:\/\/hoteaceramic.ro\/index.php\/produs\/memory-pearl\/"]}]},{"@type":"ImageObject","inLanguage":"ro-RO","@id":"https:\/\/hoteaceramic.ro\/index.php\/produs\/memory-pearl\/#primaryimage","url":"https:\/\/hoteaceramic.ro\/wp-content\/uploads\/2026\/03\/aspect-gresie-Memory-Pearl.webp","contentUrl":"https:\/\/hoteaceramic.ro\/wp-content\/uploads\/2026\/03\/aspect-gresie-Memory-Pearl.webp","width":1200,"height":821,"caption":"aspect gresie Memory Pearl"},{"@type":"BreadcrumbList","@id":"https:\/\/hoteaceramic.ro\/index.php\/produs\/memory-pearl\/#breadcrumb","itemListElement":[{"@type":"ListItem","position":1,"name":"Prima pagin\u0103","item":"https:\/\/hoteaceramic.ro\/"},{"@type":"ListItem","position":2,"name":"Magazin","item":"https:\/\/hoteaceramic.ro\/index.php\/magazin\/"},{"@type":"ListItem","position":3,"name":"Memory Pearl"}]},{"@type":"WebSite","@id":"https:\/\/hoteaceramic.ro\/#website","url":"https:\/\/hoteaceramic.ro\/","name":"Hotea Ceramic - Outlet de gresie import Italia in judetul Maramures","description":"Gresie import Italia livrata in Maramure\u0219 si toata Romania","publisher":{"@id":"https:\/\/hoteaceramic.ro\/#organization"},"potentialAction":[{"@type":"SearchAction","target":{"@type":"EntryPoint","urlTemplate":"https:\/\/hoteaceramic.ro\/?s={search_term_string}"},"query-input":{"@type":"PropertyValueSpecification","valueRequired":true,"valueName":"search_term_string"}}],"inLanguage":"ro-RO"},{"@type":"Organization","@id":"https:\/\/hoteaceramic.ro\/#organization","name":"Hotea Ceramic - Outlet de gresie import Italia in judetul Maramures","url":"https:\/\/hoteaceramic.ro\/","logo":{"@type":"ImageObject","inLanguage":"ro-RO","@id":"https:\/\/hoteaceramic.ro\/#\/schema\/logo\/image\/","url":"https:\/\/hoteaceramic.ro\/wp-content\/uploads\/2025\/11\/logo-1.webp","contentUrl":"https:\/\/hoteaceramic.ro\/wp-content\/uploads\/2025\/11\/logo-1.webp","width":375,"height":126,"caption":"Hotea Ceramic - Outlet de gresie import Italia in judetul Maramures"},"image":{"@id":"https:\/\/hoteaceramic.ro\/#\/schema\/logo\/image\/"},"sameAs":["https:\/\/www.facebook.com\/profile.php?id=61572247412058"]}]}},"_links":{"self":[{"href":"https:\/\/hoteaceramic.ro\/index.php\/wp-json\/wp\/v2\/product\/2462","targetHints":{"allow":["GET"]}}],"collection":[{"href":"https:\/\/hoteaceramic.ro\/index.php\/wp-json\/wp\/v2\/product"}],"about":[{"href":"https:\/\/hoteaceramic.ro\/index.php\/wp-json\/wp\/v2\/types\/product"}],"replies":[{"embeddable":true,"href":"https:\/\/hoteaceramic.ro\/index.php\/wp-json\/wp\/v2\/comments?post=2462"}],"wp:featuredmedia":[{"embeddable":true,"href":"https:\/\/hoteaceramic.ro\/index.php\/wp-json\/wp\/v2\/media\/2463"}],"wp:attachment":[{"href":"https:\/\/hoteaceramic.ro\/index.php\/wp-json\/wp\/v2\/media?parent=2462"}],"wp:term":[{"taxonomy":"product_brand","embeddable":true,"href":"https:\/\/hoteaceramic.ro\/index.php\/wp-json\/wp\/v2\/product_brand?post=2462"},{"taxonomy":"product_cat","embeddable":true,"href":"https:\/\/hoteaceramic.ro\/index.php\/wp-json\/wp\/v2\/product_cat?post=2462"},{"taxonomy":"product_tag","embeddable":true,"href":"https:\/\/hoteaceramic.ro\/index.php\/wp-json\/wp\/v2\/product_tag?post=2462"}],"curies":[{"name":"wp","href":"https:\/\/api.w.org\/{rel}","templated":true}]}}